{"id":590,"date":"2017-08-01T08:48:00","date_gmt":"2017-08-01T08:48:00","guid":{"rendered":"http:\/\/proves.olalon.com\/meinsa\/?page_id=590"},"modified":"2020-12-01T10:14:56","modified_gmt":"2020-12-01T09:14:56","slug":"outsourcing-servicios","status":"publish","type":"page","link":"https:\/\/www.meinsa.es\/ca\/servicios\/outsourcing-servicios\/","title":{"rendered":"OutSourcing &#038; Servicios"},"content":{"rendered":"<p>[vc_row full_width=&#8221;stretch_row_content_no_spaces&#8221; full_height=&#8221;yes&#8221; css=&#8221;.vc_custom_1501671219988{background-image: url(http:\/\/www.meinsa.es\/wp-content\/uploads\/2017\/08\/outsourcing.jpg?id=617) !important;background-position: center !important;background-repeat: no-repeat !important;background-size: cover !important;}&#8221;][vc_column offset=&#8221;vc_col-lg-6 vc_col-md-4 vc_col-xs-12&#8243;][vc_empty_space height=&#8221;100px&#8221;][vc_empty_space height=&#8221;100px&#8221;][\/vc_column][vc_column css=&#8221;.vc_custom_1501675896584{background-color: #ffffff !important;}&#8221; offset=&#8221;vc_col-lg-6 vc_col-md-8 vc_col-xs-12&#8243;][vc_empty_space height=&#8221;100px&#8221;]<div id=\"ultimate-heading-599369f580af1821b\" class=\"uvc-heading ult-adjust-bottom-margin ultimate-heading-599369f580af1821b uvc-8769 \" data-hspacer=\"line_only\"  data-halign=\"center\" style=\"text-align:center\"><div class=\"uvc-main-heading ult-responsive\"  data-ultimate-target='.uvc-heading.ultimate-heading-599369f580af1821b h2'  data-responsive-json-new='{\"font-size\":\"desktop:36px;\",\"line-height\":\"\"}' ><h2 style=\"font-weight:normal;\">Outsourcing<\/h2><\/div><div class=\"uvc-heading-spacer line_only\" style=\"margin-top:20px;margin-bottom:20px;height:1px;\"><span class=\"uvc-headings-line\" style=\"border-style:solid;border-bottom-width:1px;border-color:#ccc;width:200px;\"><\/span><\/div><\/div>[vc_row_inner css=&#8221;.vc_custom_1501667618659{padding: 2em !important;}&#8221;][vc_column_inner width=&#8221;5\/6&#8243; offset=&#8221;vc_col-sm-offset-1 vc_col-xs-12&#8243;][vc_column_text el_class=&#8221;services-list&#8221;]<\/p>\n<ul>\n<li><strong>De personal a tiempo parcial<\/strong>, contrato de cesi\u00f3n de personal para servicio no continuado (uno o varios d\u00edas por semana).\u2028Perfiles disponibles (seg\u00fan demanda): T\u00e9cnicos de Microinform\u00e1tica e Ingenieros de Sistemas.<\/li>\n<li><strong>De personal a tiempo completo<\/strong>, contrato de cesi\u00f3n de personal para servicio continuado y por periodos semestrales o anuales renovables.\u2028Perfiles disponibles (seg\u00fan demanda): T\u00e9cnicos de Microinform\u00e1tica e Ingenieros de Sistemas.<\/li>\n<li><strong>De personal para proyectos (contrato de obra)<\/strong>, contratos de cesi\u00f3n para proyectos bien definidos en cuanto a su duraci\u00f3n y tipolog\u00eda (migraciones, despliegues, etc.). Este tipo de contratos finalizan en el momento que se entrega el proyecto al cliente. Perfiles disponibles (seg\u00fan demanda): T\u00e9cnicos de Microinform\u00e1tica e Ingenieros de Sistemas.<\/li>\n<li><strong>De personal para soporte de usuarios (CAU)<\/strong>, t\u00e9cnicos especializados en soporte telef\u00f3nico a usuarios.\u2028Perfil: T\u00e9cnico de Microinform\u00e1tica.<\/li>\n<\/ul>\n<p>[\/vc_column_text][\/vc_column_inner][\/vc_row_inner][vc_empty_space height=&#8221;100px&#8221;][\/vc_column][\/vc_row]<\/p>\n","protected":false},"excerpt":{"rendered":"<p>[vc_row full_width=&#8221;stretch_row_content_no_spaces&#8221; full_height=&#8221;yes&#8221; css=&#8221;.vc_custom_1501671219988{background-image: url(http:\/\/www.meinsa.es\/wp-content\/uploads\/2017\/08\/outsourcing.jpg?id=617) !important;background-position: center !important;background-repeat: no-repeat !important;background-size: cover !important;}&#8221;][vc_column offset=&#8221;vc_col-lg-6 vc_col-md-4 vc_col-xs-12&#8243;][vc_empty_space height=&#8221;100px&#8221;][vc_empty_space height=&#8221;100px&#8221;][\/vc_column][vc_column css=&#8221;.vc_custom_1501675896584{background-color: #ffffff !important;}&#8221; offset=&#8221;vc_col-lg-6 vc_col-md-8 vc_col-xs-12&#8243;][vc_empty_space height=&#8221;100px&#8221;][vc_row_inner css=&#8221;.vc_custom_1501667618659{padding: 2em !important;}&#8221;][vc_column_inner width=&#8221;5\/6&#8243; offset=&#8221;vc_col-sm-offset-1 vc_col-xs-12&#8243;][vc_column_text el_class=&#8221;services-list&#8221;] De personal a tiempo parcial, contrato de cesi\u00f3n de personal para servicio no continuado (uno o varios d\u00edas por semana).\u2028Perfiles disponibles (seg\u00fan demanda): T\u00e9cnicos [&hellip;]<\/p>\n","protected":false},"author":1,"featured_media":0,"parent":16,"menu_order":20,"comment_status":"closed","ping_status":"closed","template":"","meta":[],"yoast_head":"<!-- This site is optimized with the Yoast SEO plugin v15.4 - https:\/\/yoast.com\/wordpress\/plugins\/seo\/ -->\n<title>OutSourcing &amp; Servicios | Meinsa<\/title>\n<meta name=\"robots\" content=\"index, follow, max-snippet:-1, max-image-preview:large, max-video-preview:-1\" \/>\n<link rel=\"canonical\" href=\"https:\/\/www.meinsa.es\/servicios\/outsourcing-servicios\/\" \/>\n<meta property=\"og:locale\" content=\"ca_ES\" \/>\n<meta property=\"og:type\" content=\"article\" \/>\n<meta property=\"og:title\" content=\"OutSourcing &amp; Servicios | Meinsa\" \/>\n<meta property=\"og:description\" content=\"[vc_row full_width=&#8221;stretch_row_content_no_spaces&#8221; full_height=&#8221;yes&#8221; css=&#8221;.vc_custom_1501671219988{background-image: url(http:\/\/www.meinsa.es\/wp-content\/uploads\/2017\/08\/outsourcing.jpg?id=617) !important;background-position: center !important;background-repeat: no-repeat !important;background-size: cover !important;}&#8221;][vc_column offset=&#8221;vc_col-lg-6 vc_col-md-4 vc_col-xs-12&#8243;][vc_empty_space height=&#8221;100px&#8221;][vc_empty_space height=&#8221;100px&#8221;][\/vc_column][vc_column css=&#8221;.vc_custom_1501675896584{background-color: #ffffff !important;}&#8221; offset=&#8221;vc_col-lg-6 vc_col-md-8 vc_col-xs-12&#8243;][vc_empty_space height=&#8221;100px&#8221;][vc_row_inner css=&#8221;.vc_custom_1501667618659{padding: 2em !important;}&#8221;][vc_column_inner width=&#8221;5\/6&#8243; offset=&#8221;vc_col-sm-offset-1 vc_col-xs-12&#8243;][vc_column_text el_class=&#8221;services-list&#8221;] De personal a tiempo parcial, contrato de cesi\u00f3n de personal para servicio no continuado (uno o varios d\u00edas por semana).\u2028Perfiles disponibles (seg\u00fan demanda): T\u00e9cnicos [&hellip;]\" \/>\n<meta property=\"og:url\" content=\"https:\/\/www.meinsa.es\/servicios\/outsourcing-servicios\/\" \/>\n<meta property=\"og:site_name\" content=\"Meinsa\" \/>\n<meta property=\"article:modified_time\" content=\"2020-12-01T09:14:56+00:00\" \/>\n<meta name=\"twitter:card\" content=\"summary\" \/>\n<meta name=\"twitter:label1\" content=\"Escrit per\">\n\t<meta name=\"twitter:data1\" content=\"\">\n\t<meta name=\"twitter:label2\" content=\"Temps estimat de lectura\">\n\t<meta name=\"twitter:data2\" content=\"1 minut\">\n<!-- \/ Yoast SEO plugin. -->","_links":{"self":[{"href":"https:\/\/www.meinsa.es\/ca\/wp-json\/wp\/v2\/pages\/590"}],"collection":[{"href":"https:\/\/www.meinsa.es\/ca\/wp-json\/wp\/v2\/pages"}],"about":[{"href":"https:\/\/www.meinsa.es\/ca\/wp-json\/wp\/v2\/types\/page"}],"author":[{"embeddable":true,"href":"https:\/\/www.meinsa.es\/ca\/wp-json\/wp\/v2\/users\/1"}],"replies":[{"embeddable":true,"href":"https:\/\/www.meinsa.es\/ca\/wp-json\/wp\/v2\/comments?post=590"}],"version-history":[{"count":6,"href":"https:\/\/www.meinsa.es\/ca\/wp-json\/wp\/v2\/pages\/590\/revisions"}],"predecessor-version":[{"id":1796,"href":"https:\/\/www.meinsa.es\/ca\/wp-json\/wp\/v2\/pages\/590\/revisions\/1796"}],"up":[{"embeddable":true,"href":"https:\/\/www.meinsa.es\/ca\/wp-json\/wp\/v2\/pages\/16"}],"wp:attachment":[{"href":"https:\/\/www.meinsa.es\/ca\/wp-json\/wp\/v2\/media?parent=590"}],"curies":[{"name":"wp","href":"https:\/\/api.w.org\/{rel}","templated":true}]}}