{"id":583,"date":"2017-08-01T08:43:03","date_gmt":"2017-08-01T08:43:03","guid":{"rendered":"http:\/\/proves.olalon.com\/meinsa\/?page_id=583"},"modified":"2020-12-01T10:16:35","modified_gmt":"2020-12-01T09:16:35","slug":"servicios-gestionados","status":"publish","type":"page","link":"https:\/\/www.meinsa.es\/ca\/servicios\/servicios-gestionados\/","title":{"rendered":"Servicios Gestionados"},"content":{"rendered":"<p>[vc_row full_width=&#8221;stretch_row_content_no_spaces&#8221; full_height=&#8221;yes&#8221; css=&#8221;.vc_custom_1501667571768{background-image: url(http:\/\/www.meinsa.es\/wp-content\/uploads\/2017\/08\/consultoria.jpg?id=602) !important;background-position: center !important;background-repeat: no-repeat !important;background-size: cover !important;}&#8221;][vc_column css=&#8221;.vc_custom_1501675578182{background-image: url(http:\/\/www.meinsa.es\/wp-content\/uploads\/2017\/08\/gestionados.jpg?id=624) !important;background-position: center !important;background-repeat: no-repeat !important;background-size: cover !important;}&#8221; offset=&#8221;vc_col-lg-6 vc_col-md-4 vc_col-xs-12&#8243;][vc_empty_space height=&#8221;100px&#8221;][vc_empty_space height=&#8221;100px&#8221;][\/vc_column][vc_column css=&#8221;.vc_custom_1501675597070{background-color: #ffffff !important;}&#8221; offset=&#8221;vc_col-lg-6 vc_col-md-8 vc_col-xs-12&#8243;][vc_empty_space height=&#8221;100px&#8221;]<div id=\"ultimate-heading-324869f604e475e79\" class=\"uvc-heading ult-adjust-bottom-margin ultimate-heading-324869f604e475e79 uvc-3047 \" data-hspacer=\"line_only\"  data-halign=\"center\" style=\"text-align:center\"><div class=\"uvc-main-heading ult-responsive\"  data-ultimate-target='.uvc-heading.ultimate-heading-324869f604e475e79 h2'  data-responsive-json-new='{\"font-size\":\"desktop:36px;\",\"line-height\":\"\"}' ><h2 style=\"font-weight:normal;\">Servicios gestionados<\/h2><\/div><div class=\"uvc-heading-spacer line_only\" style=\"margin-top:20px;margin-bottom:20px;height:1px;\"><span class=\"uvc-headings-line\" style=\"border-style:solid;border-bottom-width:1px;border-color:#ccc;width:200px;\"><\/span><\/div><\/div>[vc_row_inner css=&#8221;.vc_custom_1501667618659{padding: 2em !important;}&#8221;][vc_column_inner width=&#8221;5\/6&#8243; offset=&#8221;vc_col-sm-offset-1 vc_col-xs-12&#8243;][vc_column_text el_class=&#8221;services-list&#8221;]<\/p>\n<ul>\n<li><strong>Administraci\u00f3n de Sistemas:<\/strong> La forma tradicional de gesti\u00f3n de infraestructuras es delegar en un proveedor TI el dise\u00f1o y la implementaci\u00f3n de las soluciones tecnol\u00f3gicas necesarias para el negocio. El problema y la necesidad aparecen una vez implementadas ya que el departamento TI interno de la compa\u00f1\u00eda necesita llevar a cabo mejoras constantes, tareas de administraci\u00f3n, mantenimiento y resoluci\u00f3n de incidencias que demandan una mayor especializaci\u00f3n y experiencia.\u2028Desgraciadamente hoy en d\u00eda es complicado que un departamento TI cuente con personal suficiente especializado en cada una de las soluciones implantadas. En consecuencia el servicio que se presta al negocio de la compa\u00f1\u00eda suele resentirse.\u2028Los Servicios de administraci\u00f3n de sistemas ayudan a muchas organizaciones a suplir dichas carencias en la administraci\u00f3n de las tecnolog\u00edas. Una combinaci\u00f3n de cesi\u00f3n de tareas y responsabilidades hacia el personal de Meinsa Sistemas har\u00e1 posible al departamento TI focalizarse en el d\u00eda a d\u00eda a lo verdaderamente importante, que es la gesti\u00f3n de las necesidades de su negocio.<\/li>\n<li><strong>Explotaci\u00f3n de Sistemas:<\/strong> Una vez las organizaciones han culminado con \u00e9xito la adopci\u00f3n de una tecnolog\u00eda, entran en la rutina diaria de mantener dicha soluci\u00f3n. La etapa de explotaci\u00f3n de un sistema inform\u00e1tico corresponde a la del funcionamiento estable del sistema, totalmente implantado y configurado, es decir, si entramos en el cumplimiento diario de los requerimientos funcionales y ventanas de servicio para las que se ha dise\u00f1ado.El tipo de escenario, los requerimientos y objetivos o las caracter\u00edsticas tecnol\u00f3gicas marcar\u00e1n c\u00f3mo se priorizan los servicios, agrupando el conjunto de actividades con frecuencia consideradas repetitivas y de poco valor para el departamento TI de una organizaci\u00f3n. Meinsa Sistemas dise\u00f1ar\u00e1 el servicio de explotaci\u00f3n de sistemas y proveer\u00e1 de los recursos t\u00e9cnicos seg\u00fan las necesidades del cliente.<\/li>\n<li><strong>Soporte a usuarios:<\/strong> Somos especialistas en implementar y gestionar servicios de asistencia a usuarios. Nuestros consultores tienen un amplio conocimiento de ITIL que nos ayuda a una concepci\u00f3n moderna de la gesti\u00f3n y atenci\u00f3n a los usuarios.<br \/>\nDefiniendo conjuntamente con el cliente una metodolog\u00eda de trabajo a partir de la cual se asegure el registro, seguimiento, soluci\u00f3n y evaluaci\u00f3n de solicitudes y requerimientos de los clientes. Analizamos de manera continuada el servicio de soporte a los usuarios, e incorporamos actividades que fomentan de manera sistem\u00e1tica la mejora y reingenier\u00eda en los procesos y procedimientos de servicio.<\/li>\n<li><strong>Gesti\u00f3n de personal t\u00e9cnico:<\/strong> a gesti\u00f3n de personal t\u00e9cnico, es para para Meinsa Sistemas el \u00e1rea donde guiamos e integramos los procesos de planificar, captar, organizar y administrar todo el talento del personal inform\u00e1tico, con el objetivo de crear un servicio tecnol\u00f3gico que cumpla el alcance, y el nivel de servicios requerido, dentro de los l\u00edmites de tiempo y costes definidos. Todo ello requiere liderar al personal, evaluar y regular continuamente las acciones necesarias y suficientes para el \u00e9xito del servicio. Meinsa Sistemas gestiona el servicio desde el principio, incluyendo el proceso de selecci\u00f3n de las vacantes con perfiles altamente especializados, encarg\u00e1ndose de forma r\u00e1pida y precisa de atraer a los mejores candidatos y eligiendo el m\u00e1s adecuado para la prestaci\u00f3n del servicio. El valor diferencial que proporciona Meinsa Sistemas, se encuentra en lograr la implicaci\u00f3n de todo el personal en favor de un proyecto. Con objetivos claramente definidos, nos encargamos de convertir el personal t\u00e9cnico en un equipo de trabajo altamente eficiente y especializado.<\/li>\n<li><strong>Oficina Remota:<\/strong> Meinsa Sistemas dispone de su propio centro de soporte tecnol\u00f3gico para ayudar a sus clientes a simplificar y optimizar la administraci\u00f3n de sus recursos tecnol\u00f3gicos. El objetivo principal del centro es brindar soporte t\u00e9cnico con un amplio grupo de profesionales que atender\u00e1 las solicitudes de nuestros clientes. Este Centro tambi\u00e9n coordina otra serie de servicios como son los de atenci\u00f3n a usuarios dando respuesta a consultas relativas a funcionamiento de servicios o aplicaciones que \u00e9stos est\u00e9n utilizando. Esto nos abre nuevas oportunidades al ampliar las capacidades y los servicios que ya ofrecemos en las \u00e1reas de servicios gestionados.<\/li>\n<li><strong>Consultoria IT:\u2028<\/strong> Procesos ITIL, \u2028Seguridad en el mundo TI, Infraestructuras, \u2028Continuidad del negocio<\/li>\n<li><strong>Metodolog\u00eda ITSM:<\/strong> ITSM (Information Technology Service Management) es una estrategia de clase mundial para Administrar las TIC\u00b4s (Tecnolog\u00edas de Informaci\u00f3n y Comunicaciones) como un negocio dentro del negocio. Metodolog\u00eda ITSM es una metodolog\u00eda enfocada al cliente y orientada al servicio. ITSM busca alinear las funciones de sistemas con los objetivos del negocio. Para implementar ITSM, la sugerencia es poner en pr\u00e1ctica las mejores pr\u00e1cticas mundiales probadas en la entrega de servicios de TIC. Estas mejores pr\u00e1cticas de ITSM est\u00e1n documentadas en la metodolog\u00eda de ITIL\u00ae (Information Technology Infrastructure Library). De manera que la implementaci\u00f3n de una estrategia de ITSM se logra con la puesta en pr\u00e1ctica de las mejores pr\u00e1cticas recomendadas por ITIL. Desde la visi\u00f3n de ITSM, ITIL proporciona una gu\u00eda, con un conjunto exhaustivo, consistente y coherente de las mejores pr\u00e1cticas de ITSM para el dise\u00f1o e implementaci\u00f3n de las pr\u00e1cticas de Administraci\u00f3n de Servicios de TI (ITSM).<\/li>\n<\/ul>\n<p>[\/vc_column_text][\/vc_column_inner][\/vc_row_inner][vc_empty_space height=&#8221;100px&#8221;][\/vc_column][\/vc_row]<\/p>\n","protected":false},"excerpt":{"rendered":"<p>[vc_row full_width=&#8221;stretch_row_content_no_spaces&#8221; full_height=&#8221;yes&#8221; css=&#8221;.vc_custom_1501667571768{background-image: url(http:\/\/www.meinsa.es\/wp-content\/uploads\/2017\/08\/consultoria.jpg?id=602) !important;background-position: center !important;background-repeat: no-repeat !important;background-size: cover !important;}&#8221;][vc_column css=&#8221;.vc_custom_1501675578182{background-image: url(http:\/\/www.meinsa.es\/wp-content\/uploads\/2017\/08\/gestionados.jpg?id=624) !important;background-position: center !important;background-repeat: no-repeat !important;background-size: cover !important;}&#8221; offset=&#8221;vc_col-lg-6 vc_col-md-4 vc_col-xs-12&#8243;][vc_empty_space height=&#8221;100px&#8221;][vc_empty_space height=&#8221;100px&#8221;][\/vc_column][vc_column css=&#8221;.vc_custom_1501675597070{background-color: #ffffff !important;}&#8221; offset=&#8221;vc_col-lg-6 vc_col-md-8 vc_col-xs-12&#8243;][vc_empty_space height=&#8221;100px&#8221;][vc_row_inner css=&#8221;.vc_custom_1501667618659{padding: 2em !important;}&#8221;][vc_column_inner width=&#8221;5\/6&#8243; offset=&#8221;vc_col-sm-offset-1 vc_col-xs-12&#8243;][vc_column_text el_class=&#8221;services-list&#8221;] Administraci\u00f3n de Sistemas: La forma tradicional de gesti\u00f3n de infraestructuras es delegar en un proveedor [&hellip;]<\/p>\n","protected":false},"author":1,"featured_media":0,"parent":16,"menu_order":40,"comment_status":"closed","ping_status":"closed","template":"","meta":[],"yoast_head":"<!-- This site is optimized with the Yoast SEO plugin v15.4 - https:\/\/yoast.com\/wordpress\/plugins\/seo\/ -->\n<title>Servicios Gestionados | Meinsa<\/title>\n<meta name=\"robots\" content=\"index, follow, max-snippet:-1, max-image-preview:large, max-video-preview:-1\" \/>\n<link rel=\"canonical\" href=\"https:\/\/www.meinsa.es\/servicios\/servicios-gestionados\/\" \/>\n<meta property=\"og:locale\" content=\"ca_ES\" \/>\n<meta property=\"og:type\" content=\"article\" \/>\n<meta property=\"og:title\" content=\"Servicios Gestionados | Meinsa\" \/>\n<meta property=\"og:description\" content=\"[vc_row full_width=&#8221;stretch_row_content_no_spaces&#8221; full_height=&#8221;yes&#8221; css=&#8221;.vc_custom_1501667571768{background-image: url(http:\/\/www.meinsa.es\/wp-content\/uploads\/2017\/08\/consultoria.jpg?id=602) !important;background-position: center !important;background-repeat: no-repeat !important;background-size: cover !important;}&#8221;][vc_column css=&#8221;.vc_custom_1501675578182{background-image: url(http:\/\/www.meinsa.es\/wp-content\/uploads\/2017\/08\/gestionados.jpg?id=624) !important;background-position: center !important;background-repeat: no-repeat !important;background-size: cover !important;}&#8221; offset=&#8221;vc_col-lg-6 vc_col-md-4 vc_col-xs-12&#8243;][vc_empty_space height=&#8221;100px&#8221;][vc_empty_space height=&#8221;100px&#8221;][\/vc_column][vc_column css=&#8221;.vc_custom_1501675597070{background-color: #ffffff !important;}&#8221; offset=&#8221;vc_col-lg-6 vc_col-md-8 vc_col-xs-12&#8243;][vc_empty_space height=&#8221;100px&#8221;][vc_row_inner css=&#8221;.vc_custom_1501667618659{padding: 2em !important;}&#8221;][vc_column_inner width=&#8221;5\/6&#8243; offset=&#8221;vc_col-sm-offset-1 vc_col-xs-12&#8243;][vc_column_text el_class=&#8221;services-list&#8221;] Administraci\u00f3n de Sistemas: La forma tradicional de gesti\u00f3n de infraestructuras es delegar en un proveedor [&hellip;]\" \/>\n<meta property=\"og:url\" content=\"https:\/\/www.meinsa.es\/servicios\/servicios-gestionados\/\" \/>\n<meta property=\"og:site_name\" content=\"Meinsa\" \/>\n<meta property=\"article:modified_time\" content=\"2020-12-01T09:16:35+00:00\" \/>\n<meta name=\"twitter:card\" content=\"summary\" \/>\n<meta name=\"twitter:label1\" content=\"Escrit per\">\n\t<meta name=\"twitter:data1\" content=\"\">\n\t<meta name=\"twitter:label2\" content=\"Temps estimat de lectura\">\n\t<meta name=\"twitter:data2\" content=\"4 minuts\">\n<!-- \/ Yoast SEO plugin. -->","_links":{"self":[{"href":"https:\/\/www.meinsa.es\/ca\/wp-json\/wp\/v2\/pages\/583"}],"collection":[{"href":"https:\/\/www.meinsa.es\/ca\/wp-json\/wp\/v2\/pages"}],"about":[{"href":"https:\/\/www.meinsa.es\/ca\/wp-json\/wp\/v2\/types\/page"}],"author":[{"embeddable":true,"href":"https:\/\/www.meinsa.es\/ca\/wp-json\/wp\/v2\/users\/1"}],"replies":[{"embeddable":true,"href":"https:\/\/www.meinsa.es\/ca\/wp-json\/wp\/v2\/comments?post=583"}],"version-history":[{"count":12,"href":"https:\/\/www.meinsa.es\/ca\/wp-json\/wp\/v2\/pages\/583\/revisions"}],"predecessor-version":[{"id":1799,"href":"https:\/\/www.meinsa.es\/ca\/wp-json\/wp\/v2\/pages\/583\/revisions\/1799"}],"up":[{"embeddable":true,"href":"https:\/\/www.meinsa.es\/ca\/wp-json\/wp\/v2\/pages\/16"}],"wp:attachment":[{"href":"https:\/\/www.meinsa.es\/ca\/wp-json\/wp\/v2\/media?parent=583"}],"curies":[{"name":"wp","href":"https:\/\/api.w.org\/{rel}","templated":true}]}}