{"id":42,"date":"2016-11-15T15:13:39","date_gmt":"2016-11-15T15:13:39","guid":{"rendered":"http:\/\/proves.olalon.com\/meinsa\/?page_id=42"},"modified":"2021-10-11T16:24:27","modified_gmt":"2021-10-11T14:24:27","slug":"printing-solutions","status":"publish","type":"page","link":"https:\/\/www.meinsa.es\/ca\/productos\/printing-solutions\/","title":{"rendered":"Printing Solutions"},"content":{"rendered":"<p>[vc_section full_width=&#8221;stretch_row&#8221; full_height=&#8221;yes&#8221; content_placement=&#8221;middle&#8221; css=&#8221;.vc_custom_1481023920258{background-image: url(http:\/\/www.meinsa.es\/wp-content\/uploads\/2016\/11\/hp-service.jpg?id=305) !important;background-position: center !important;background-repeat: no-repeat !important;background-size: cover !important;}&#8221;][vc_row][vc_column][vc_row_inner][vc_column_inner width=&#8221;5\/6&#8243; offset=&#8221;vc_col-lg-offset-1 vc_col-lg-10 vc_col-md-offset-1 vc_col-md-10 vc_col-sm-offset-1 vc_col-xs-12&#8243;]<div id=\"ultimate-heading-193269f5f6e794198\" class=\"uvc-heading ult-adjust-bottom-margin ultimate-heading-193269f5f6e794198 uvc-301 \" data-hspacer=\"no_spacer\"  data-halign=\"center\" style=\"text-align:center\"><div class=\"uvc-heading-spacer no_spacer\" style=\"top\"><\/div><div class=\"uvc-main-heading ult-responsive\"  data-ultimate-target='.uvc-heading.ultimate-heading-193269f5f6e794198 h2'  data-responsive-json-new='{\"font-size\":\"desktop:48px;\",\"line-height\":\"\"}' ><h2 style=\"font-weight:normal;\">Soluciones de impresi\u00f3n<\/h2><\/div><\/div>[\/vc_column_inner][\/vc_row_inner][\/vc_column][\/vc_row][\/vc_section][vc_section full_width=&#8221;stretch_row&#8221; content_placement=&#8221;middle&#8221; css=&#8221;.vc_custom_1501572875321{background: #f9f9f9 url(http:\/\/www.meinsa.es\/wp-content\/uploads\/2016\/11\/transactiona-printing.png?id=564) !important;background-position: center !important;background-repeat: no-repeat !important;background-size: contain !important;}&#8221; el_class=&#8221;cinccents&#8221;][vc_row][vc_column][vc_row_inner][vc_column_inner width=&#8221;5\/6&#8243; offset=&#8221;vc_col-lg-offset-1 vc_col-lg-10 vc_col-md-offset-1 vc_col-md-10 vc_col-sm-offset-1 vc_col-xs-12&#8243;]<div id=\"ultimate-heading-710569f5f6e794241\" class=\"uvc-heading ult-adjust-bottom-margin ultimate-heading-710569f5f6e794241 uvc-7528 \" data-hspacer=\"no_spacer\"  data-halign=\"center\" style=\"text-align:center\"><div class=\"uvc-heading-spacer no_spacer\" style=\"top\"><\/div><div class=\"uvc-main-heading ult-responsive\"  data-ultimate-target='.uvc-heading.ultimate-heading-710569f5f6e794241 h2'  data-responsive-json-new='{\"font-size\":\"desktop:48px;\",\"line-height\":\"\"}' ><h2 style=\"font-weight:normal;\">Transaccional<\/h2><\/div><div class=\"uvc-sub-heading ult-responsive\"  data-ultimate-target='.uvc-heading.ultimate-heading-710569f5f6e794241 .uvc-sub-heading '  data-responsive-json-new='{\"font-size\":\"\",\"line-height\":\"\"}'  style=\"font-weight:normal;\">Comercializaci\u00f3n transaccional de equipamiento de impresi\u00f3n, gran formato, ticketing e impresi\u00f3n de tarjetas.<\/div><\/div>[\/vc_column_inner][\/vc_row_inner][vc_empty_space height=&#8221;150px&#8221;][\/vc_column][\/vc_row][\/vc_section][vc_section][vc_row][vc_column][vc_empty_space height=&#8221;60px&#8221;]<div id=\"ultimate-heading-977469f5f6e7942f6\" class=\"uvc-heading ult-adjust-bottom-margin ultimate-heading-977469f5f6e7942f6 uvc-1476 \" data-hspacer=\"no_spacer\"  data-halign=\"center\" style=\"text-align:center\"><div class=\"uvc-heading-spacer no_spacer\" style=\"top\"><\/div><div class=\"uvc-main-heading ult-responsive\"  data-ultimate-target='.uvc-heading.ultimate-heading-977469f5f6e7942f6 h2'  data-responsive-json-new='{\"font-size\":\"desktop:36px;\",\"line-height\":\"\"}' ><h2 style=\"font-weight:normal;\"> \u00bfQu\u00e9 es el programa de Pago Por Uso (PPU) en impresi\u00f3n?<\/h2><\/div><div class=\"uvc-sub-heading ult-responsive\"  data-ultimate-target='.uvc-heading.ultimate-heading-977469f5f6e7942f6 .uvc-sub-heading '  data-responsive-json-new='{\"font-size\":\"desktop:24px;\",\"line-height\":\"\"}'  style=\"font-weight:normal;margin-top:1em;margin-bottom:2em;\"><\/p>\n<p class=\"p1\"><strong><span class=\"s1\">Venta en formato de pago por uso de impresoras y multifuncionales en entornos de l\u00e1ser y tinta profesional.<\/span><\/strong><\/p>\n<p><\/div><\/div>[vc_empty_space height=&#8221;30px&#8221;][vc_row_inner equal_height=&#8221;yes&#8221; content_placement=&#8221;top&#8221; gap=&#8221;25&#8243;][vc_column_inner width=&#8221;2\/3&#8243; offset=&#8221;vc_col-lg-offset-0 vc_col-lg-3 vc_col-md-offset-2 vc_col-md-8 vc_col-sm-offset-2 vc_col-xs-offset-1 vc_col-xs-10&#8243;]<div class=\"ult-just-icon-wrapper  \"><div class=\"align-icon\" style=\"text-align:center;\">\n<div class=\"aio-icon-img \" style=\"font-size:100px;display:inline-block;\" >\n\t<img class=\"img-icon\" alt=\"null\" src=\"https:\/\/www.meinsa.es\/wp-content\/uploads\/2016\/11\/click-euro.png\"\/>\n<\/div><\/div><\/div>[vc_empty_space height=&#8221;30px&#8221;][vc_column_text]Con <strong>nuestro servicio de Pago por Uso,<\/strong> basado en equipos <strong>HP<\/strong>, nos encargamos de <strong>gestionar y monitorizar<\/strong> tu sistema de impresi\u00f3n. Conocer\u00e1s qu\u00e9 imprimes y cuanto imprimes. Te despreocupar\u00e1s de las posibles aver\u00edas y de que queden obsoletas tus impresoras. Pagar\u00e1s s\u00f3lo las p\u00e1ginas que imprimas al mes en una cuota, y te enviaremos autom\u00e1ticamente el consumible que necesitas cuando se est\u00e9 acabando.[\/vc_column_text][\/vc_column_inner][vc_column_inner offset=&#8221;vc_col-lg-6 vc_col-md-8 vc_col-xs-12&#8243;][vc_single_image image=&#8221;543&#8243; img_size=&#8221;full&#8221; alignment=&#8221;center&#8221;][\/vc_column_inner][vc_column_inner width=&#8221;2\/3&#8243; offset=&#8221;vc_col-lg-offset-0 vc_col-lg-3 vc_col-md-offset-2 vc_col-md-8 vc_col-sm-offset-2 vc_col-xs-offset-1 vc_col-xs-10&#8243;]<div class=\"ult-just-icon-wrapper  \"><div class=\"align-icon\" style=\"text-align:center;\">\n<div class=\"aio-icon-img \" style=\"font-size:100px;display:inline-block;\" >\n\t<img class=\"img-icon\" alt=\"null\" src=\"https:\/\/www.meinsa.es\/wp-content\/uploads\/2016\/11\/cuota-mensual.png\"\/>\n<\/div><\/div><\/div>[vc_empty_space height=&#8221;30px&#8221;][vc_column_text]Adem\u00e1s, el precio de la impresora tambi\u00e9n puedes incluirla en la cuota mensual (en modo renting).<\/p>\n<p>En definitiva, <strong>te ayudamos a que dediques tu tiempo a lo que realmente es importante: tu negocio<\/strong>. Nosotros, nos ocuparemos de tu impresi\u00f3n.[\/vc_column_text][\/vc_column_inner][\/vc_row_inner][vc_empty_space height=&#8221;60px&#8221;][\/vc_column][\/vc_row][\/vc_section][vc_section full_width=&#8221;stretch_row&#8221; full_height=&#8221;yes&#8221; content_placement=&#8221;top&#8221; css=&#8221;.vc_custom_1501569371115{background: #f2f2f2 url(http:\/\/www.meinsa.es\/wp-content\/uploads\/2016\/11\/ppu01.jpg?id=123) !important;background-position: center !important;background-repeat: no-repeat !important;background-size: cover !important;}&#8221;][vc_row][vc_column]<div id=\"ultimate-heading-282969f5f6e794865\" class=\"uvc-heading ult-adjust-bottom-margin ultimate-heading-282969f5f6e794865 uvc-7331 \" data-hspacer=\"no_spacer\"  data-halign=\"center\" style=\"text-align:center\"><div class=\"uvc-heading-spacer no_spacer\" style=\"top\"><\/div><div class=\"uvc-main-heading ult-responsive\"  data-ultimate-target='.uvc-heading.ultimate-heading-282969f5f6e794865 h2'  data-responsive-json-new='{\"font-size\":\"desktop:48px;\",\"line-height\":\"\"}' ><h2 style=\"font-weight:normal;color:#ffffff;margin-top:1em;\"> \u00bfC\u00f3mo funciona?<\/h2><\/div><div class=\"uvc-sub-heading ult-responsive\"  data-ultimate-target='.uvc-heading.ultimate-heading-282969f5f6e794865 .uvc-sub-heading '  data-responsive-json-new='{\"font-size\":\"desktop:24px;\",\"line-height\":\"\"}'  style=\"font-weight:normal;color:#ffffff;margin-top:1em;margin-bottom:1em;\"><strong>En un contrato en PPU, tu cuota mensual consta de dos partes:<\/strong><\/div><\/div>[\/vc_column][\/vc_row][vc_row gap=&#8221;30&#8243; equal_height=&#8221;yes&#8221;][vc_column width=&#8221;1\/3&#8243; css=&#8221;.vc_custom_1479751146550{padding: 2em !important;background-color: rgba(255,255,255,0.9) !important;*background-color: rgb(255,255,255) !important;}&#8221;][vc_column_text]<\/p>\n<p class=\"ui--icon-box-title text-left fx--no-effect ui--animation-fire\" data-fx=\"fx--no-effect\"><strong>Las p\u00e1ginas que imprimes. S\u00f3lo pagas lo que imprimas<\/strong><\/p>\n<div class=\"ui--icon-box-text text-left fx--no-effect ui--animation-fire\" data-fx=\"fx--no-effect\">\n<p>En un contrato en pago por uso, monitorizamos en remoto tu impresora o multifunci\u00f3n. De esta manera sabemos cu\u00e1ntas p\u00e1ginas imprimes, cuanto es en color o en blanco y negro y te enviamos los consumibles autom\u00e1ticamente cuando se van acabando.<\/p>\n<\/div>\n<p>[\/vc_column_text][\/vc_column][vc_column width=&#8221;1\/3&#8243; css=&#8221;.vc_custom_1479751156044{padding: 2em !important;background-color: rgba(255,255,255,0.9) !important;*background-color: rgb(255,255,255) !important;}&#8221;][vc_column_text]<\/p>\n<div class=\"ui--icon-box-text text-left fx--no-effect ui--animation-fire\" data-fx=\"fx--no-effect\">\n<p>&nbsp;<\/p>\n<p>Los costes por p\u00e1gina (cpp) en un contrato en PPU dependen de la impresora\/multifunci\u00f3n. Tu cuota al mes ser\u00e1 el n\u00ba de p\u00e1ginas multiplicadas por su cpp. Si tienes meses con nula necesidad de imprimir (agosto) no pagar\u00e1s nada, y por otro lado tu cuota ser\u00e1 mayor en meses con mayor impresi\u00f3n.<\/p>\n<\/div>\n<p>[\/vc_column_text][\/vc_column][vc_column width=&#8221;1\/3&#8243; css=&#8221;.vc_custom_1501569548649{padding-top: 2em !important;padding-right: 2em !important;padding-bottom: 2em !important;padding-left: 2em !important;background-color: rgba(255,255,255,0.95) !important;*background-color: rgb(255,255,255) !important;}&#8221;][vc_column_text]<\/p>\n<p class=\"ui--icon-box-title text-left fx--no-effect ui--animation-fire\" data-fx=\"fx--no-effect\"><strong>Pago de la impresora o renting<\/strong><\/p>\n<div class=\"ui--icon-box-text text-left fx--no-effect ui--animation-fire\" data-fx=\"fx--no-effect\">\n<p>El precio de la impresora incluye todo: servicios de monitorizaci\u00f3n, reparaci\u00f3n y atenci\u00f3n. Podr\u00e1s elegir entre pagarlo de una sola vez o bien en un formato en renting a 36, 48 o 60 meses.<\/p>\n<\/div>\n<p>[\/vc_column_text][\/vc_column][\/vc_row][\/vc_section][vc_row][vc_column][vc_empty_space height=&#8221;100px&#8221;]<div id=\"ultimate-heading-193769f5f6e794a29\" class=\"uvc-heading ult-adjust-bottom-margin ultimate-heading-193769f5f6e794a29 uvc-2304 \" data-hspacer=\"no_spacer\"  data-halign=\"center\" style=\"text-align:center\"><div class=\"uvc-heading-spacer no_spacer\" style=\"top\"><\/div><div class=\"uvc-main-heading ult-responsive\"  data-ultimate-target='.uvc-heading.ultimate-heading-193769f5f6e794a29 h2'  data-responsive-json-new='{\"font-size\":\"desktop:60px;\",\"line-height\":\"undefined\"}' ><h2 style=\"font-weight:normal;\">Servicios Profesionales<\/h2><\/div><div class=\"uvc-sub-heading ult-responsive\"  data-ultimate-target='.uvc-heading.ultimate-heading-193769f5f6e794a29 .uvc-sub-heading '  data-responsive-json-new='{\"font-size\":\"desktop:36px;\",\"line-height\":\"undefined\"}'  style=\"font-weight:normal;\"><\/p>\n<p class=\"p1\"><span class=\"s1\">Auditor\u00edas y Consultor\u00edas de impresi\u00f3n, Estudio del TCO (TCO Assessment), Despliegue de soluciones y Gesti\u00f3n del parque de impresi\u00f3n (Inventario de equipos, Informes de Consumo, Monitorizaci\u00f3n cont\u00ednua del parque, Suministro de Consumibles, Registro de Incidencias, Asistencia T\u00e9cnica). <\/span><\/p>\n<p><\/div><\/div>[vc_empty_space height=&#8221;100px&#8221;][\/vc_column][\/vc_row][vc_row][vc_column][\/vc_column][\/vc_row]<\/p>","protected":false},"excerpt":{"rendered":"<p>[vc_section full_width=&#8221;stretch_row&#8221; full_height=&#8221;yes&#8221; content_placement=&#8221;middle&#8221; css=&#8221;.vc_custom_1481023920258{background-image: url(http:\/\/www.meinsa.es\/wp-content\/uploads\/2016\/11\/hp-service.jpg?id=305) !important;background-position: center !important;background-repeat: no-repeat !important;background-size: cover !important;}&#8221;][vc_row][vc_column][vc_row_inner][vc_column_inner width=&#8221;5\/6&#8243; offset=&#8221;vc_col-lg-offset-1 vc_col-lg-10 vc_col-md-offset-1 vc_col-md-10 vc_col-sm-offset-1 vc_col-xs-12&#8243;][\/vc_column_inner][\/vc_row_inner][\/vc_column][\/vc_row][\/vc_section][vc_section full_width=&#8221;stretch_row&#8221; content_placement=&#8221;middle&#8221; css=&#8221;.vc_custom_1501572875321{background: #f9f9f9 url(http:\/\/www.meinsa.es\/wp-content\/uploads\/2016\/11\/transactiona-printing.png?id=564) !important;background-position: center !important;background-repeat: no-repeat !important;background-size: contain !important;}&#8221; el_class=&#8221;cinccents&#8221;][vc_row][vc_column][vc_row_inner][vc_column_inner width=&#8221;5\/6&#8243; offset=&#8221;vc_col-lg-offset-1 vc_col-lg-10 vc_col-md-offset-1 vc_col-md-10 vc_col-sm-offset-1 vc_col-xs-12&#8243;][\/vc_column_inner][\/vc_row_inner][vc_empty_space height=&#8221;150px&#8221;][\/vc_column][\/vc_row][\/vc_section][vc_section][vc_row][vc_column][vc_empty_space height=&#8221;60px&#8221;][vc_empty_space height=&#8221;30px&#8221;][vc_row_inner equal_height=&#8221;yes&#8221; content_placement=&#8221;top&#8221; gap=&#8221;25&#8243;][vc_column_inner width=&#8221;2\/3&#8243; offset=&#8221;vc_col-lg-offset-0 vc_col-lg-3 vc_col-md-offset-2 vc_col-md-8 vc_col-sm-offset-2 vc_col-xs-offset-1 vc_col-xs-10&#8243;][vc_empty_space height=&#8221;30px&#8221;][vc_column_text]Con [&hellip;]<\/p>\n","protected":false},"author":1,"featured_media":0,"parent":18,"menu_order":10,"comment_status":"closed","ping_status":"closed","template":"","meta":[],"yoast_head":"<!-- This site is optimized with the Yoast SEO plugin v15.4 - https:\/\/yoast.com\/wordpress\/plugins\/seo\/ -->\n<title>Printing Solutions | Meinsa<\/title>\n<meta name=\"robots\" content=\"index, follow, max-snippet:-1, max-image-preview:large, max-video-preview:-1\" \/>\n<link rel=\"canonical\" href=\"https:\/\/www.meinsa.es\/productos\/printing-solutions\/\" \/>\n<meta property=\"og:locale\" content=\"ca_ES\" \/>\n<meta property=\"og:type\" content=\"article\" \/>\n<meta property=\"og:title\" content=\"Printing Solutions | Meinsa\" \/>\n<meta property=\"og:description\" content=\"[vc_section full_width=&#8221;stretch_row&#8221; full_height=&#8221;yes&#8221; content_placement=&#8221;middle&#8221; css=&#8221;.vc_custom_1481023920258{background-image: url(http:\/\/www.meinsa.es\/wp-content\/uploads\/2016\/11\/hp-service.jpg?id=305) !important;background-position: center !important;background-repeat: no-repeat !important;background-size: cover !important;}&#8221;][vc_row][vc_column][vc_row_inner][vc_column_inner width=&#8221;5\/6&#8243; offset=&#8221;vc_col-lg-offset-1 vc_col-lg-10 vc_col-md-offset-1 vc_col-md-10 vc_col-sm-offset-1 vc_col-xs-12&#8243;][\/vc_column_inner][\/vc_row_inner][\/vc_column][\/vc_row][\/vc_section][vc_section full_width=&#8221;stretch_row&#8221; content_placement=&#8221;middle&#8221; css=&#8221;.vc_custom_1501572875321{background: #f9f9f9 url(http:\/\/www.meinsa.es\/wp-content\/uploads\/2016\/11\/transactiona-printing.png?id=564) !important;background-position: center !important;background-repeat: no-repeat !important;background-size: contain !important;}&#8221; el_class=&#8221;cinccents&#8221;][vc_row][vc_column][vc_row_inner][vc_column_inner width=&#8221;5\/6&#8243; offset=&#8221;vc_col-lg-offset-1 vc_col-lg-10 vc_col-md-offset-1 vc_col-md-10 vc_col-sm-offset-1 vc_col-xs-12&#8243;][\/vc_column_inner][\/vc_row_inner][vc_empty_space height=&#8221;150px&#8221;][\/vc_column][\/vc_row][\/vc_section][vc_section][vc_row][vc_column][vc_empty_space height=&#8221;60px&#8221;][vc_empty_space height=&#8221;30px&#8221;][vc_row_inner equal_height=&#8221;yes&#8221; content_placement=&#8221;top&#8221; gap=&#8221;25&#8243;][vc_column_inner width=&#8221;2\/3&#8243; offset=&#8221;vc_col-lg-offset-0 vc_col-lg-3 vc_col-md-offset-2 vc_col-md-8 vc_col-sm-offset-2 vc_col-xs-offset-1 vc_col-xs-10&#8243;][vc_empty_space height=&#8221;30px&#8221;][vc_column_text]Con [&hellip;]\" \/>\n<meta property=\"og:url\" content=\"https:\/\/www.meinsa.es\/productos\/printing-solutions\/\" \/>\n<meta property=\"og:site_name\" content=\"Meinsa\" \/>\n<meta property=\"article:modified_time\" content=\"2021-10-11T14:24:27+00:00\" \/>\n<meta name=\"twitter:card\" content=\"summary\" \/>\n<meta name=\"twitter:label1\" content=\"Escrit per\">\n\t<meta name=\"twitter:data1\" content=\"\">\n\t<meta name=\"twitter:label2\" content=\"Temps estimat de lectura\">\n\t<meta name=\"twitter:data2\" content=\"8 minuts\">\n<!-- \/ Yoast SEO plugin. -->","_links":{"self":[{"href":"https:\/\/www.meinsa.es\/ca\/wp-json\/wp\/v2\/pages\/42"}],"collection":[{"href":"https:\/\/www.meinsa.es\/ca\/wp-json\/wp\/v2\/pages"}],"about":[{"href":"https:\/\/www.meinsa.es\/ca\/wp-json\/wp\/v2\/types\/page"}],"author":[{"embeddable":true,"href":"https:\/\/www.meinsa.es\/ca\/wp-json\/wp\/v2\/users\/1"}],"replies":[{"embeddable":true,"href":"https:\/\/www.meinsa.es\/ca\/wp-json\/wp\/v2\/comments?post=42"}],"version-history":[{"count":87,"href":"https:\/\/www.meinsa.es\/ca\/wp-json\/wp\/v2\/pages\/42\/revisions"}],"predecessor-version":[{"id":1764,"href":"https:\/\/www.meinsa.es\/ca\/wp-json\/wp\/v2\/pages\/42\/revisions\/1764"}],"up":[{"embeddable":true,"href":"https:\/\/www.meinsa.es\/ca\/wp-json\/wp\/v2\/pages\/18"}],"wp:attachment":[{"href":"https:\/\/www.meinsa.es\/ca\/wp-json\/wp\/v2\/media?parent=42"}],"curies":[{"name":"wp","href":"https:\/\/api.w.org\/{rel}","templated":true}]}}