{"id":1681,"date":"2020-11-30T09:01:40","date_gmt":"2020-11-30T08:01:40","guid":{"rendered":"https:\/\/www.meinsa.es\/?page_id=1681"},"modified":"2021-01-21T10:52:44","modified_gmt":"2021-01-21T09:52:44","slug":"teletrabajo-seguro","status":"publish","type":"page","link":"https:\/\/www.meinsa.es\/ca\/teletrabajo-seguro\/","title":{"rendered":"Sistemas estacionarios"},"content":{"rendered":"\t\t<div data-elementor-type=\"wp-page\" data-elementor-id=\"1681\" class=\"elementor elementor-1681\" data-elementor-settings=\"[]\">\n\t\t\t\t\t\t<div class=\"elementor-inner\">\n\t\t\t\t\t\t\t<div class=\"elementor-section-wrap\">\n\t\t\t\t\t\t\t<section class=\"elementor-section elementor-top-section elementor-element elementor-element-b70c7da elementor-section-height-min-height elementor-section-stretched elementor-section-boxed elementor-section-height-default elementor-section-items-middle\" data-id=\"b70c7da\" data-element_type=\"section\" data-settings=\"{&quot;stretch_section&quot;:&quot;section-stretched&quot;,&quot;background_background&quot;:&quot;classic&quot;}\">\n\t\t\t\t\t\t<div class=\"elementor-container elementor-column-gap-default\">\n\t\t\t\t\t\t\t<div class=\"elementor-row\">\n\t\t\t\t\t<div class=\"elementor-column elementor-col-100 elementor-top-column elementor-element elementor-element-fec00a9\" data-id=\"fec00a9\" data-element_type=\"column\">\n\t\t\t<div class=\"elementor-column-wrap elementor-element-populated\">\n\t\t\t\t\t\t\t<div class=\"elementor-widget-wrap\">\n\t\t\t\t\t\t<section class=\"elementor-section elementor-inner-section elementor-element elementor-element-9e64139 elementor-section-boxed elementor-section-height-default elementor-section-height-default\" data-id=\"9e64139\" data-element_type=\"section\">\n\t\t\t\t\t\t<div class=\"elementor-container elementor-column-gap-default\">\n\t\t\t\t\t\t\t<div class=\"elementor-row\">\n\t\t\t\t\t<div class=\"elementor-column elementor-col-50 elementor-inner-column elementor-element elementor-element-c8f5d54\" data-id=\"c8f5d54\" data-element_type=\"column\">\n\t\t\t<div class=\"elementor-column-wrap elementor-element-populated\">\n\t\t\t\t\t\t\t<div class=\"elementor-widget-wrap\">\n\t\t\t\t\t\t<div class=\"elementor-element elementor-element-2f2d4d8 elementor-widget elementor-widget-heading\" data-id=\"2f2d4d8\" data-element_type=\"widget\" data-widget_type=\"heading.default\">\n\t\t\t\t<div class=\"elementor-widget-container\">\n\t\t\t<h1 class=\"elementor-heading-title elementor-size-default\">Soluciones de teletrabajo<\/h1>\t\t<\/div>\n\t\t\t\t<\/div>\n\t\t\t\t<div class=\"elementor-element elementor-element-56e4811 elementor-widget elementor-widget-text-editor\" data-id=\"56e4811\" data-element_type=\"widget\" data-widget_type=\"text-editor.default\">\n\t\t\t\t<div class=\"elementor-widget-container\">\n\t\t\t\t\t<div class=\"elementor-text-editor elementor-clearfix\"><p>Teletrabaja y opera en remoto de forma segura.<\/p><\/div>\n\t\t\t\t<\/div>\n\t\t\t\t<\/div>\n\t\t\t\t<div class=\"elementor-element elementor-element-e8bb45c elementor-widget elementor-widget-button\" data-id=\"e8bb45c\" data-element_type=\"widget\" data-widget_type=\"button.default\">\n\t\t\t\t<div class=\"elementor-widget-container\">\n\t\t\t\t\t<div class=\"elementor-button-wrapper\">\n\t\t\t<a href=\"https:\/\/www.meinsa.es\/contactar\/\" class=\"elementor-button-link elementor-button elementor-size-sm elementor-animation-grow\" role=\"button\">\n\t\t\t\t\t\t<span class=\"elementor-button-content-wrapper\">\n\t\t\t\t\t\t<span class=\"elementor-button-text\">M\u00e1s informaci\u00f3n<\/span>\n\t\t<\/span>\n\t\t\t\t\t<\/a>\n\t\t<\/div>\n\t\t\t\t<\/div>\n\t\t\t\t<\/div>\n\t\t\t\t\t\t<\/div>\n\t\t\t\t\t<\/div>\n\t\t<\/div>\n\t\t\t\t<div class=\"elementor-column elementor-col-50 elementor-inner-column elementor-element elementor-element-2782a8e\" data-id=\"2782a8e\" data-element_type=\"column\">\n\t\t\t<div class=\"elementor-column-wrap elementor-element-populated\">\n\t\t\t\t\t\t\t<div class=\"elementor-widget-wrap\">\n\t\t\t\t\t\t<div class=\"elementor-element elementor-element-0f6149f elementor-widget elementor-widget-image\" data-id=\"0f6149f\" data-element_type=\"widget\" data-widget_type=\"image.default\">\n\t\t\t\t<div class=\"elementor-widget-container\">\n\t\t\t\t\t<div class=\"elementor-image\">\n\t\t\t\t\t\t\t\t\t\t<img width=\"640\" height=\"427\" src=\"https:\/\/www.meinsa.es\/wp-content\/uploads\/2020\/11\/3635530-1024x683.png\" class=\"attachment-large size-large\" alt=\"SERVICIOS INFORM\u00c1TICOS\" loading=\"lazy\" srcset=\"https:\/\/www.meinsa.es\/wp-content\/uploads\/2020\/11\/3635530-1024x683.png 1024w, https:\/\/www.meinsa.es\/wp-content\/uploads\/2020\/11\/3635530-300x200.png 300w, https:\/\/www.meinsa.es\/wp-content\/uploads\/2020\/11\/3635530-768x512.png 768w, https:\/\/www.meinsa.es\/wp-content\/uploads\/2020\/11\/3635530-1536x1024.png 1536w, https:\/\/www.meinsa.es\/wp-content\/uploads\/2020\/11\/3635530-2048x1365.png 2048w\" sizes=\"(max-width: 640px) 100vw, 640px\" \/>\t\t\t\t\t\t\t\t\t\t\t<\/div>\n\t\t\t\t<\/div>\n\t\t\t\t<\/div>\n\t\t\t\t\t\t<\/div>\n\t\t\t\t\t<\/div>\n\t\t<\/div>\n\t\t\t\t\t\t\t\t<\/div>\n\t\t\t\t\t<\/div>\n\t\t<\/section>\n\t\t\t\t\t\t<\/div>\n\t\t\t\t\t<\/div>\n\t\t<\/div>\n\t\t\t\t\t\t\t\t<\/div>\n\t\t\t\t\t<\/div>\n\t\t<\/section>\n\t\t\t\t<section class=\"elementor-section elementor-top-section elementor-element elementor-element-3ce89c2 elementor-section-boxed elementor-section-height-default elementor-section-height-default\" data-id=\"3ce89c2\" data-element_type=\"section\">\n\t\t\t\t\t\t<div class=\"elementor-container elementor-column-gap-default\">\n\t\t\t\t\t\t\t<div class=\"elementor-row\">\n\t\t\t\t\t<div class=\"elementor-column elementor-col-33 elementor-top-column elementor-element elementor-element-25ccf33\" data-id=\"25ccf33\" data-element_type=\"column\">\n\t\t\t<div class=\"elementor-column-wrap elementor-element-populated\">\n\t\t\t\t\t\t\t<div class=\"elementor-widget-wrap\">\n\t\t\t\t\t\t<div class=\"elementor-element elementor-element-f18a771 elementor-widget elementor-widget-image\" data-id=\"f18a771\" data-element_type=\"widget\" data-widget_type=\"image.default\">\n\t\t\t\t<div class=\"elementor-widget-container\">\n\t\t\t\t\t<div class=\"elementor-image\">\n\t\t\t\t\t\t\t\t\t\t<img width=\"300\" height=\"206\" src=\"https:\/\/www.meinsa.es\/wp-content\/uploads\/2020\/11\/velocidad03-300x206.jpg\" class=\"attachment-medium size-medium\" alt=\"teletrabajo seguro\" loading=\"lazy\" srcset=\"https:\/\/www.meinsa.es\/wp-content\/uploads\/2020\/11\/velocidad03-300x206.jpg 300w, https:\/\/www.meinsa.es\/wp-content\/uploads\/2020\/11\/velocidad03.jpg 394w\" sizes=\"(max-width: 300px) 100vw, 300px\" \/>\t\t\t\t\t\t\t\t\t\t\t<\/div>\n\t\t\t\t<\/div>\n\t\t\t\t<\/div>\n\t\t\t\t<div class=\"elementor-element elementor-element-d6cd290 elementor-widget elementor-widget-heading\" data-id=\"d6cd290\" data-element_type=\"widget\" data-widget_type=\"heading.default\">\n\t\t\t\t<div class=\"elementor-widget-container\">\n\t\t\t<h2 class=\"elementor-heading-title elementor-size-default\">R\u00e1pido<\/h2>\t\t<\/div>\n\t\t\t\t<\/div>\n\t\t\t\t\t\t<\/div>\n\t\t\t\t\t<\/div>\n\t\t<\/div>\n\t\t\t\t<div class=\"elementor-column elementor-col-33 elementor-top-column elementor-element elementor-element-d585179\" data-id=\"d585179\" data-element_type=\"column\">\n\t\t\t<div class=\"elementor-column-wrap elementor-element-populated\">\n\t\t\t\t\t\t\t<div class=\"elementor-widget-wrap\">\n\t\t\t\t\t\t<div class=\"elementor-element elementor-element-4251406 elementor-widget elementor-widget-image\" data-id=\"4251406\" data-element_type=\"widget\" data-widget_type=\"image.default\">\n\t\t\t\t<div class=\"elementor-widget-container\">\n\t\t\t\t\t<div class=\"elementor-image\">\n\t\t\t\t\t\t\t\t\t\t<img width=\"150\" height=\"150\" src=\"https:\/\/www.meinsa.es\/wp-content\/uploads\/2020\/11\/candado-en-rojo01-150x150.jpg\" class=\"attachment-thumbnail size-thumbnail\" alt=\"teletrabajo seguro\" loading=\"lazy\" srcset=\"https:\/\/www.meinsa.es\/wp-content\/uploads\/2020\/11\/candado-en-rojo01-150x150.jpg 150w, https:\/\/www.meinsa.es\/wp-content\/uploads\/2020\/11\/candado-en-rojo01-300x300.jpg 300w, https:\/\/www.meinsa.es\/wp-content\/uploads\/2020\/11\/candado-en-rojo01-1024x1024.jpg 1024w, https:\/\/www.meinsa.es\/wp-content\/uploads\/2020\/11\/candado-en-rojo01-768x768.jpg 768w, https:\/\/www.meinsa.es\/wp-content\/uploads\/2020\/11\/candado-en-rojo01.jpg 1122w\" sizes=\"(max-width: 150px) 100vw, 150px\" \/>\t\t\t\t\t\t\t\t\t\t\t<\/div>\n\t\t\t\t<\/div>\n\t\t\t\t<\/div>\n\t\t\t\t<div class=\"elementor-element elementor-element-fb57d0c elementor-widget elementor-widget-heading\" data-id=\"fb57d0c\" data-element_type=\"widget\" data-widget_type=\"heading.default\">\n\t\t\t\t<div class=\"elementor-widget-container\">\n\t\t\t<h2 class=\"elementor-heading-title elementor-size-default\">Seguro<\/h2>\t\t<\/div>\n\t\t\t\t<\/div>\n\t\t\t\t\t\t<\/div>\n\t\t\t\t\t<\/div>\n\t\t<\/div>\n\t\t\t\t<div class=\"elementor-column elementor-col-33 elementor-top-column elementor-element elementor-element-b26bde8\" data-id=\"b26bde8\" data-element_type=\"column\">\n\t\t\t<div class=\"elementor-column-wrap elementor-element-populated\">\n\t\t\t\t\t\t\t<div class=\"elementor-widget-wrap\">\n\t\t\t\t\t\t<div class=\"elementor-element elementor-element-843a57d elementor-widget elementor-widget-image\" data-id=\"843a57d\" data-element_type=\"widget\" data-widget_type=\"image.default\">\n\t\t\t\t<div class=\"elementor-widget-container\">\n\t\t\t\t\t<div class=\"elementor-image\">\n\t\t\t\t\t\t\t\t\t\t<img width=\"150\" height=\"150\" src=\"https:\/\/www.meinsa.es\/wp-content\/uploads\/2020\/11\/engranaje-en-negro-150x150.jpg\" class=\"attachment-thumbnail size-thumbnail\" alt=\"engranaje en negro\" loading=\"lazy\" srcset=\"https:\/\/www.meinsa.es\/wp-content\/uploads\/2020\/11\/engranaje-en-negro-150x150.jpg 150w, https:\/\/www.meinsa.es\/wp-content\/uploads\/2020\/11\/engranaje-en-negro-300x300.jpg 300w, https:\/\/www.meinsa.es\/wp-content\/uploads\/2020\/11\/engranaje-en-negro-1024x1024.jpg 1024w, https:\/\/www.meinsa.es\/wp-content\/uploads\/2020\/11\/engranaje-en-negro-768x768.jpg 768w, https:\/\/www.meinsa.es\/wp-content\/uploads\/2020\/11\/engranaje-en-negro.jpg 1122w\" sizes=\"(max-width: 150px) 100vw, 150px\" \/>\t\t\t\t\t\t\t\t\t\t\t<\/div>\n\t\t\t\t<\/div>\n\t\t\t\t<\/div>\n\t\t\t\t<div class=\"elementor-element elementor-element-3214aa4 elementor-widget elementor-widget-heading\" data-id=\"3214aa4\" data-element_type=\"widget\" data-widget_type=\"heading.default\">\n\t\t\t\t<div class=\"elementor-widget-container\">\n\t\t\t<h2 class=\"elementor-heading-title elementor-size-default\">Eficiente<\/h2>\t\t<\/div>\n\t\t\t\t<\/div>\n\t\t\t\t\t\t<\/div>\n\t\t\t\t\t<\/div>\n\t\t<\/div>\n\t\t\t\t\t\t\t\t<\/div>\n\t\t\t\t\t<\/div>\n\t\t<\/section>\n\t\t\t\t<section class=\"elementor-section elementor-top-section elementor-element elementor-element-0142e45 elementor-section-height-min-height elementor-section-stretched elementor-section-boxed elementor-section-height-default elementor-section-items-middle\" data-id=\"0142e45\" data-element_type=\"section\" data-settings=\"{&quot;stretch_section&quot;:&quot;section-stretched&quot;,&quot;background_background&quot;:&quot;classic&quot;}\">\n\t\t\t\t\t\t<div class=\"elementor-container elementor-column-gap-default\">\n\t\t\t\t\t\t\t<div class=\"elementor-row\">\n\t\t\t\t\t<div class=\"elementor-column elementor-col-100 elementor-top-column elementor-element elementor-element-fdf2ba8\" data-id=\"fdf2ba8\" data-element_type=\"column\">\n\t\t\t<div class=\"elementor-column-wrap elementor-element-populated\">\n\t\t\t\t\t\t\t<div class=\"elementor-widget-wrap\">\n\t\t\t\t\t\t<div class=\"elementor-element elementor-element-f6cad61 elementor-widget elementor-widget-heading\" data-id=\"f6cad61\" data-element_type=\"widget\" data-widget_type=\"heading.default\">\n\t\t\t\t<div class=\"elementor-widget-container\">\n\t\t\t<h2 class=\"elementor-heading-title elementor-size-default\">Conecta de forma segura con tus aplicaciones locales y cloud sin cliente VPN o con cliente multiplataforma<\/h2>\t\t<\/div>\n\t\t\t\t<\/div>\n\t\t\t\t<div class=\"elementor-element elementor-element-8c648e3 elementor-widget elementor-widget-text-editor\" data-id=\"8c648e3\" data-element_type=\"widget\" data-widget_type=\"text-editor.default\">\n\t\t\t\t<div class=\"elementor-widget-container\">\n\t\t\t\t\t<div class=\"elementor-text-editor elementor-clearfix\"><p style=\"text-align: center;\">Desarrollamos e implementamos la infraestructura necesaria para que tu empresa pueda trabajar desde cualquier lugar de una forma segura y r\u00e1pida.<\/p><\/div>\n\t\t\t\t<\/div>\n\t\t\t\t<\/div>\n\t\t\t\t\t\t<\/div>\n\t\t\t\t\t<\/div>\n\t\t<\/div>\n\t\t\t\t\t\t\t\t<\/div>\n\t\t\t\t\t<\/div>\n\t\t<\/section>\n\t\t\t\t<section class=\"elementor-section elementor-top-section elementor-element elementor-element-1dabfd2 elementor-section-height-min-height elementor-section-stretched elementor-section-boxed elementor-section-height-default elementor-section-items-middle\" data-id=\"1dabfd2\" data-element_type=\"section\" data-settings=\"{&quot;stretch_section&quot;:&quot;section-stretched&quot;}\">\n\t\t\t\t\t\t<div class=\"elementor-container elementor-column-gap-default\">\n\t\t\t\t\t\t\t<div class=\"elementor-row\">\n\t\t\t\t\t<div class=\"elementor-column elementor-col-100 elementor-top-column elementor-element elementor-element-6909108\" data-id=\"6909108\" data-element_type=\"column\">\n\t\t\t<div class=\"elementor-column-wrap elementor-element-populated\">\n\t\t\t\t\t\t\t<div class=\"elementor-widget-wrap\">\n\t\t\t\t\t\t<section class=\"elementor-section elementor-inner-section elementor-element elementor-element-c43fbf9 elementor-section-boxed elementor-section-height-default elementor-section-height-default\" data-id=\"c43fbf9\" data-element_type=\"section\">\n\t\t\t\t\t\t<div class=\"elementor-container elementor-column-gap-default\">\n\t\t\t\t\t\t\t<div class=\"elementor-row\">\n\t\t\t\t\t<div class=\"elementor-column elementor-col-50 elementor-inner-column elementor-element elementor-element-ebe9338\" data-id=\"ebe9338\" data-element_type=\"column\">\n\t\t\t<div class=\"elementor-column-wrap elementor-element-populated\">\n\t\t\t\t\t\t\t<div class=\"elementor-widget-wrap\">\n\t\t\t\t\t\t<div class=\"elementor-element elementor-element-bc24e48 elementor-widget elementor-widget-heading\" data-id=\"bc24e48\" data-element_type=\"widget\" data-widget_type=\"heading.default\">\n\t\t\t\t<div class=\"elementor-widget-container\">\n\t\t\t<h2 class=\"elementor-heading-title elementor-size-default\">Entorno de trabajo Mac<\/h2>\t\t<\/div>\n\t\t\t\t<\/div>\n\t\t\t\t\t\t<\/div>\n\t\t\t\t\t<\/div>\n\t\t<\/div>\n\t\t\t\t<div class=\"elementor-column elementor-col-50 elementor-inner-column elementor-element elementor-element-5aec546\" data-id=\"5aec546\" data-element_type=\"column\">\n\t\t\t<div class=\"elementor-column-wrap elementor-element-populated\">\n\t\t\t\t\t\t\t<div class=\"elementor-widget-wrap\">\n\t\t\t\t\t\t<div class=\"elementor-element elementor-element-9caeecb elementor-widget elementor-widget-image\" data-id=\"9caeecb\" data-element_type=\"widget\" data-widget_type=\"image.default\">\n\t\t\t\t<div class=\"elementor-widget-container\">\n\t\t\t\t\t<div class=\"elementor-image\">\n\t\t\t\t\t\t\t\t\t\t<img width=\"640\" height=\"427\" src=\"https:\/\/www.meinsa.es\/wp-content\/uploads\/2020\/12\/mac-1024x683.jpg\" class=\"attachment-large size-large\" alt=\"\" loading=\"lazy\" srcset=\"https:\/\/www.meinsa.es\/wp-content\/uploads\/2020\/12\/mac-1024x683.jpg 1024w, https:\/\/www.meinsa.es\/wp-content\/uploads\/2020\/12\/mac-300x200.jpg 300w, https:\/\/www.meinsa.es\/wp-content\/uploads\/2020\/12\/mac-768x512.jpg 768w, https:\/\/www.meinsa.es\/wp-content\/uploads\/2020\/12\/mac.jpg 1200w\" sizes=\"(max-width: 640px) 100vw, 640px\" \/>\t\t\t\t\t\t\t\t\t\t\t<\/div>\n\t\t\t\t<\/div>\n\t\t\t\t<\/div>\n\t\t\t\t\t\t<\/div>\n\t\t\t\t\t<\/div>\n\t\t<\/div>\n\t\t\t\t\t\t\t\t<\/div>\n\t\t\t\t\t<\/div>\n\t\t<\/section>\n\t\t\t\t\t\t<\/div>\n\t\t\t\t\t<\/div>\n\t\t<\/div>\n\t\t\t\t\t\t\t\t<\/div>\n\t\t\t\t\t<\/div>\n\t\t<\/section>\n\t\t\t\t<section class=\"elementor-section elementor-top-section elementor-element elementor-element-74549e6 elementor-section-height-min-height elementor-section-boxed elementor-section-height-default elementor-section-items-middle\" data-id=\"74549e6\" data-element_type=\"section\">\n\t\t\t\t\t\t<div class=\"elementor-container elementor-column-gap-default\">\n\t\t\t\t\t\t\t<div class=\"elementor-row\">\n\t\t\t\t\t<div class=\"elementor-column elementor-col-50 elementor-top-column elementor-element elementor-element-3121433\" data-id=\"3121433\" data-element_type=\"column\">\n\t\t\t<div class=\"elementor-column-wrap elementor-element-populated\">\n\t\t\t\t\t\t\t<div class=\"elementor-widget-wrap\">\n\t\t\t\t\t\t<div class=\"elementor-element elementor-element-0628768 elementor-widget elementor-widget-image\" data-id=\"0628768\" data-element_type=\"widget\" data-widget_type=\"image.default\">\n\t\t\t\t<div class=\"elementor-widget-container\">\n\t\t\t\t\t<div class=\"elementor-image\">\n\t\t\t\t\t\t\t\t\t\t<img width=\"640\" height=\"470\" src=\"https:\/\/www.meinsa.es\/wp-content\/uploads\/2020\/12\/monitor-hp-1024x752.jpg\" class=\"attachment-large size-large\" alt=\"\" loading=\"lazy\" srcset=\"https:\/\/www.meinsa.es\/wp-content\/uploads\/2020\/12\/monitor-hp-1024x752.jpg 1024w, https:\/\/www.meinsa.es\/wp-content\/uploads\/2020\/12\/monitor-hp-300x220.jpg 300w, https:\/\/www.meinsa.es\/wp-content\/uploads\/2020\/12\/monitor-hp-768x564.jpg 768w, https:\/\/www.meinsa.es\/wp-content\/uploads\/2020\/12\/monitor-hp-1536x1128.jpg 1536w, https:\/\/www.meinsa.es\/wp-content\/uploads\/2020\/12\/monitor-hp.jpg 1750w\" sizes=\"(max-width: 640px) 100vw, 640px\" \/>\t\t\t\t\t\t\t\t\t\t\t<\/div>\n\t\t\t\t<\/div>\n\t\t\t\t<\/div>\n\t\t\t\t\t\t<\/div>\n\t\t\t\t\t<\/div>\n\t\t<\/div>\n\t\t\t\t<div class=\"elementor-column elementor-col-50 elementor-top-column elementor-element elementor-element-df48b73\" data-id=\"df48b73\" data-element_type=\"column\">\n\t\t\t<div class=\"elementor-column-wrap elementor-element-populated\">\n\t\t\t\t\t\t\t<div class=\"elementor-widget-wrap\">\n\t\t\t\t\t\t<div class=\"elementor-element elementor-element-026c5d2 elementor-widget elementor-widget-heading\" data-id=\"026c5d2\" data-element_type=\"widget\" data-widget_type=\"heading.default\">\n\t\t\t\t<div class=\"elementor-widget-container\">\n\t\t\t<h2 class=\"elementor-heading-title elementor-size-default\">Entorno de trabajo Windows<\/h2>\t\t<\/div>\n\t\t\t\t<\/div>\n\t\t\t\t\t\t<\/div>\n\t\t\t\t\t<\/div>\n\t\t<\/div>\n\t\t\t\t\t\t\t\t<\/div>\n\t\t\t\t\t<\/div>\n\t\t<\/section>\n\t\t\t\t<section class=\"elementor-section elementor-top-section elementor-element elementor-element-6a859bf elementor-section-height-min-height elementor-section-boxed elementor-section-height-default elementor-section-items-middle\" data-id=\"6a859bf\" data-element_type=\"section\">\n\t\t\t\t\t\t<div class=\"elementor-container elementor-column-gap-default\">\n\t\t\t\t\t\t\t<div class=\"elementor-row\">\n\t\t\t\t\t<div class=\"elementor-column elementor-col-50 elementor-top-column elementor-element elementor-element-cec9e87\" data-id=\"cec9e87\" data-element_type=\"column\">\n\t\t\t<div class=\"elementor-column-wrap elementor-element-populated\">\n\t\t\t\t\t\t\t<div class=\"elementor-widget-wrap\">\n\t\t\t\t\t\t<div class=\"elementor-element elementor-element-28db780 elementor-widget elementor-widget-heading\" data-id=\"28db780\" data-element_type=\"widget\" data-widget_type=\"heading.default\">\n\t\t\t\t<div class=\"elementor-widget-container\">\n\t\t\t<h2 class=\"elementor-heading-title elementor-size-default\">Entorno de trabajo Zero Client<\/h2>\t\t<\/div>\n\t\t\t\t<\/div>\n\t\t\t\t\t\t<\/div>\n\t\t\t\t\t<\/div>\n\t\t<\/div>\n\t\t\t\t<div class=\"elementor-column elementor-col-50 elementor-top-column elementor-element elementor-element-26444b0\" data-id=\"26444b0\" data-element_type=\"column\">\n\t\t\t<div class=\"elementor-column-wrap elementor-element-populated\">\n\t\t\t\t\t\t\t<div class=\"elementor-widget-wrap\">\n\t\t\t\t\t\t<div class=\"elementor-element elementor-element-0a24621 elementor-widget elementor-widget-image\" data-id=\"0a24621\" data-element_type=\"widget\" data-widget_type=\"image.default\">\n\t\t\t\t<div class=\"elementor-widget-container\">\n\t\t\t\t\t<div class=\"elementor-image\">\n\t\t\t\t\t\t\t\t\t\t<img width=\"573\" height=\"430\" src=\"https:\/\/www.meinsa.es\/wp-content\/uploads\/2020\/12\/thin-client-hp.png\" class=\"attachment-large size-large\" alt=\"\" loading=\"lazy\" srcset=\"https:\/\/www.meinsa.es\/wp-content\/uploads\/2020\/12\/thin-client-hp.png 573w, https:\/\/www.meinsa.es\/wp-content\/uploads\/2020\/12\/thin-client-hp-300x225.png 300w\" sizes=\"(max-width: 573px) 100vw, 573px\" \/>\t\t\t\t\t\t\t\t\t\t\t<\/div>\n\t\t\t\t<\/div>\n\t\t\t\t<\/div>\n\t\t\t\t\t\t<\/div>\n\t\t\t\t\t<\/div>\n\t\t<\/div>\n\t\t\t\t\t\t\t\t<\/div>\n\t\t\t\t\t<\/div>\n\t\t<\/section>\n\t\t\t\t<section class=\"elementor-section elementor-top-section elementor-element elementor-element-bb80103 elementor-section-boxed elementor-section-height-default elementor-section-height-default\" data-id=\"bb80103\" data-element_type=\"section\">\n\t\t\t\t\t\t<div class=\"elementor-container elementor-column-gap-default\">\n\t\t\t\t\t\t\t<div class=\"elementor-row\">\n\t\t\t\t\t<div class=\"elementor-column elementor-col-100 elementor-top-column elementor-element elementor-element-12650f0\" data-id=\"12650f0\" data-element_type=\"column\">\n\t\t\t<div class=\"elementor-column-wrap\">\n\t\t\t\t\t\t\t<div class=\"elementor-widget-wrap\">\n\t\t\t\t\t\t\t\t<\/div>\n\t\t\t\t\t<\/div>\n\t\t<\/div>\n\t\t\t\t\t\t\t\t<\/div>\n\t\t\t\t\t<\/div>\n\t\t<\/section>\n\t\t\t\t\t\t<\/div>\n\t\t\t\t\t\t<\/div>\n\t\t\t\t\t<\/div>\n\t\t","protected":false},"excerpt":{"rendered":"<p>Soluciones de teletrabajo Teletrabaja y opera en remoto de forma segura. M\u00e1s informaci\u00f3n R\u00e1pido Seguro Eficiente Conecta de forma segura con tus aplicaciones locales y cloud sin cliente VPN o con cliente multiplataforma Desarrollamos e implementamos la infraestructura necesaria para que tu empresa pueda trabajar desde cualquier lugar de una forma segura y r\u00e1pida. Entorno [&hellip;]<\/p>\n","protected":false},"author":3,"featured_media":0,"parent":0,"menu_order":0,"comment_status":"closed","ping_status":"closed","template":"","meta":[],"yoast_head":"<!-- This site is optimized with the Yoast SEO plugin v15.4 - https:\/\/yoast.com\/wordpress\/plugins\/seo\/ -->\n<title>Sistemas estacionarios | Meinsa<\/title>\n<meta name=\"robots\" content=\"index, follow, max-snippet:-1, max-image-preview:large, max-video-preview:-1\" \/>\n<link rel=\"canonical\" href=\"https:\/\/www.meinsa.es\/teletrabajo-seguro\/\" \/>\n<meta property=\"og:locale\" content=\"ca_ES\" \/>\n<meta property=\"og:type\" content=\"article\" \/>\n<meta property=\"og:title\" content=\"Sistemas estacionarios | Meinsa\" \/>\n<meta property=\"og:description\" content=\"Soluciones de teletrabajo Teletrabaja y opera en remoto de forma segura. M\u00e1s informaci\u00f3n R\u00e1pido Seguro Eficiente Conecta de forma segura con tus aplicaciones locales y cloud sin cliente VPN o con cliente multiplataforma Desarrollamos e implementamos la infraestructura necesaria para que tu empresa pueda trabajar desde cualquier lugar de una forma segura y r\u00e1pida. Entorno [&hellip;]\" \/>\n<meta property=\"og:url\" content=\"https:\/\/www.meinsa.es\/teletrabajo-seguro\/\" \/>\n<meta property=\"og:site_name\" content=\"Meinsa\" \/>\n<meta property=\"article:modified_time\" content=\"2021-01-21T09:52:44+00:00\" \/>\n<meta property=\"og:image\" content=\"https:\/\/www.meinsa.es\/wp-content\/uploads\/2020\/11\/3635530-1024x683.png\" \/>\n<meta name=\"twitter:card\" content=\"summary\" \/>\n<meta name=\"twitter:label1\" content=\"Escrit per\">\n\t<meta name=\"twitter:data1\" content=\"Lorena\">\n\t<meta name=\"twitter:label2\" content=\"Temps estimat de lectura\">\n\t<meta name=\"twitter:data2\" content=\"0 minuts\">\n<!-- \/ Yoast SEO plugin. -->","_links":{"self":[{"href":"https:\/\/www.meinsa.es\/ca\/wp-json\/wp\/v2\/pages\/1681"}],"collection":[{"href":"https:\/\/www.meinsa.es\/ca\/wp-json\/wp\/v2\/pages"}],"about":[{"href":"https:\/\/www.meinsa.es\/ca\/wp-json\/wp\/v2\/types\/page"}],"author":[{"embeddable":true,"href":"https:\/\/www.meinsa.es\/ca\/wp-json\/wp\/v2\/users\/3"}],"replies":[{"embeddable":true,"href":"https:\/\/www.meinsa.es\/ca\/wp-json\/wp\/v2\/comments?post=1681"}],"version-history":[{"count":57,"href":"https:\/\/www.meinsa.es\/ca\/wp-json\/wp\/v2\/pages\/1681\/revisions"}],"predecessor-version":[{"id":2116,"href":"https:\/\/www.meinsa.es\/ca\/wp-json\/wp\/v2\/pages\/1681\/revisions\/2116"}],"wp:attachment":[{"href":"https:\/\/www.meinsa.es\/ca\/wp-json\/wp\/v2\/media?parent=1681"}],"curies":[{"name":"wp","href":"https:\/\/api.w.org\/{rel}","templated":true}]}}